{"id":215,"date":"2021-06-01T22:11:44","date_gmt":"2021-06-01T20:11:44","guid":{"rendered":"http:\/\/www.meingnadental.de\/wordpress\/?page_id=215"},"modified":"2021-06-01T22:46:33","modified_gmt":"2021-06-01T20:46:33","slug":"grundschule-st-konrad-schule-offene-ganztagsgrundschule-ogs","status":"publish","type":"page","link":"https:\/\/www.meingnadental.de\/wordpress\/schulen\/grundschule-st-konrad-schule-offene-ganztagsgrundschule-ogs\/","title":{"rendered":"Grundschule St.- Konrad-Schule (Offene Ganztagsgrundschule \u2013 OGS)"},"content":{"rendered":"\n<p>(St\u00e4dt. Gemeinschaftsgrundschule)<br>L\u00f6hrerstra\u00dfe 7, 41468 Neuss (Gnadental)<br>Telefon: 02131 150663<br>E-Mail:&nbsp;<a href=\"mailto:104140@schule.nrw.de\">104140@schule.nrw.de<\/a><br>Homepage:&nbsp;<a href=\"http:\/\/www.ggs-st-konrad.de\/\">www.ggs-st-konrad.de<\/a><br>Tr\u00e4ger: Stadt Neuss<\/p>\n\n\n<p><iframe title=\"%3$s\" src=\"https:\/\/maps.google.com\/maps?q=Brandenburger%20Tor%2C%20Berlin%2C%20Deutschland&amp;t=m&amp;z=10&amp;output=embed&amp;iwloc=near\" frameborder=\"0\" marginwidth=\"0\" marginheight=\"0\" scrolling=\"no\" aria-label=\"%3$s\"><\/iframe><\/p>","protected":false},"excerpt":{"rendered":"<p>(St\u00e4dt. Gemeinschaftsgrundschule)L\u00f6hrerstra\u00dfe 7, 41468 Neuss (Gnadental)Telefon: 02131 150663E-Mail:&nbsp;104140@schule.nrw.deHomepage:&nbsp;www.ggs-st-konrad.deTr\u00e4ger: Stadt Neuss<\/p>\n","protected":false},"author":9,"featured_media":0,"parent":136,"menu_order":1,"comment_status":"closed","ping_status":"closed","template":"elementor_theme","meta":{"footnotes":""},"class_list":["post-215","page","type-page","status-publish","hentry"],"_links":{"self":[{"href":"https:\/\/www.meingnadental.de\/wordpress\/wp-json\/wp\/v2\/pages\/215","targetHints":{"allow":["GET"]}}],"collection":[{"href":"https:\/\/www.meingnadental.de\/wordpress\/wp-json\/wp\/v2\/pages"}],"about":[{"href":"https:\/\/www.meingnadental.de\/wordpress\/wp-json\/wp\/v2\/types\/page"}],"author":[{"embeddable":true,"href":"https:\/\/www.meingnadental.de\/wordpress\/wp-json\/wp\/v2\/users\/9"}],"replies":[{"embeddable":true,"href":"https:\/\/www.meingnadental.de\/wordpress\/wp-json\/wp\/v2\/comments?post=215"}],"version-history":[{"count":5,"href":"https:\/\/www.meingnadental.de\/wordpress\/wp-json\/wp\/v2\/pages\/215\/revisions"}],"predecessor-version":[{"id":223,"href":"https:\/\/www.meingnadental.de\/wordpress\/wp-json\/wp\/v2\/pages\/215\/revisions\/223"}],"up":[{"embeddable":true,"href":"https:\/\/www.meingnadental.de\/wordpress\/wp-json\/wp\/v2\/pages\/136"}],"wp:attachment":[{"href":"https:\/\/www.meingnadental.de\/wordpress\/wp-json\/wp\/v2\/media?parent=215"}],"curies":[{"name":"wp","href":"https:\/\/api.w.org\/{rel}","templated":true}]}}